{"id":53,"date":"2015-07-20T10:49:58","date_gmt":"2015-07-20T10:49:58","guid":{"rendered":"http:\/\/demo.themegrill.com\/himalayas\/?page_id=53"},"modified":"2023-02-21T22:32:48","modified_gmt":"2023-02-21T22:32:48","slug":"one-page-menu","status":"publish","type":"page","link":"https:\/\/at.thecb.biz\/?page_id=53","title":{"rendered":"Warum Oesel\u00b4s?"},"content":{"rendered":"\n<p>&#8222;Olly-Oesel von der Falkenburg&#8220; &#8211; das war unser erster, eigener Dalmatiner. Zugegeben: Der Name ist nicht zu vergleichen mit &#8222;Ben&#8220;, &#8222;Pongo&#8220; oder &#8222;Balou&#8220;! Wie unser Olly zu diesem doch eher ungew\u00f6hnlichen Namen kam, das erfahrt Ihr hier:Als ich (Andrea) mir 1995 endlich den lang gehegten Wunsch von einem eigenen Dalmatiner erf\u00fcllen durfte, ging ich noch zur Schule und machte gerade mein Abitur. Da wir zu dem Zeitpunkt noch kein Internet hatten, durchsuchte ich Hundezeitschriften und bin im Magazin &#8222;Mein Partner Hund&#8220; auf eine Anzeige des &#8222;CDF &#8211; Club f\u00fcr Dalmatiner-Freunde e.V.&#8220; aufmerksam geworden. Ich rief also bei der Welpenvermittlungsstelle an und bekam die Zuchtst\u00e4tte &#8222;von der Falkenburg&#8220; genannt, die sogar ganz in meiner N\u00e4he war. Schnell konnte ich einen Besuchstermin vereinbaren und Heinz de Regt und seine Dalmis kennenlernen. Die beiden Dalmi-H\u00fcndinnen Ginger und Dori konnte man einfach nur ins Herz schlie\u00dfen und ich f\u00fchlte mich bei Heinz auch wirklich bestens aufgehoben. Umso mehr freute es mich, dass der &#8222;O-Wurf&#8220; mit H\u00fcndin Ginger in Planung war.<\/p>\n\n\n\n<p>Ich hatte auch schon Geld gespart, aber leider noch nicht genug &#8211; denn schlie\u00dflich hat die Anschaffung eines Rassehundes von einem ser\u00f6sen Z\u00fcchter auch ihren Preis. Und so kam mein Onkel Martin in Spiel. Er wollte mich gerne unterst\u00fctzen und erkl\u00e4rte sich bereit, die &#8222;Patenschaft&#8220; f\u00fcr den k\u00fcnftigen Dalmi zu \u00fcbernehmen und die H\u00e4lfte des Kaufpreises dazuzusteuern &#8211; unter der Bedingung, dass er sich einen Namen f\u00fcr den Vierbeiner ausdenken durfte.<\/p>\n\n\n\n<p>Da es schlie\u00dflich der &#8222;O&#8220;-Wurf war, musste ein Name gefunden werden, der mit &#8222;O&#8220; beginnt. Also nahm sich mein Onkel ein Lexikon, suchte unter &#8222;O&#8220; und wurde f\u00fcndig: &#8222;Oesel&#8220; sollte es sein&nbsp;(\u00d6sel ist mit 2.673 km2 die gr\u00f6\u00dfte Insel Estlands)! Zun\u00e4chst war ich geschockt! So einen komischen Namen sollte mein Hund auf keinen Fall haben! Also fanden wir einen Kompromiss, denn wir einigten uns auf einen Doppelnamen: &#8222;Olly-Oesel von der Falkenburg&#8220; &#8211; das klang doch toll! <\/p>\n\n\n\n<p>Da ich schon fr\u00fch gerne an Websites gebastelt habe, sollte auch f\u00fcr meinen &#8222;Olly-Oesel&#8220; eine eigenen Seite her und ich reservierte mir, &#8222;just for fun&#8220; die Domain www.olly-oesel.de. Die Website erhielt schnell zahlreiche Klicks und innerhalb des Dalmatinerclubs waren wir schnell als &#8222;die Oesel\u00b4s&#8220; bekannt. Bei Wanderungen oder anderen Veranstaltungen des Vereins wurden wir immer wieder angesprochen: &#8222;Das ist der Olly-Oesel?&#8220; oder &#8222;Ist der Olly-Oesel auch mit dabei? Den m\u00f6chte ich unbedingt mal kennenlernen\u2026.&#8220; \ud83d\ude42<\/p>\n\n\n\n<p>So gab es f\u00fcr uns bei der sp\u00e4teren Suche nach einem eigenen Zwingernamen nichts zu \u00fcberlegen: &#8222;Oesel\u00b4s&#8220; musste es werden, das ist doch klar!!!!<\/p>\n","protected":false},"excerpt":{"rendered":"<p>&#8222;Olly-Oesel von der Falkenburg&#8220; &#8211; das war unser erster, eigener Dalmatiner. Zugegeben: Der Name ist nicht zu vergleichen mit &#8222;Ben&#8220;, &#8222;Pongo&#8220; oder &#8222;Balou&#8220;! Wie unser<\/p>\n","protected":false},"author":1,"featured_media":523,"parent":0,"menu_order":0,"comment_status":"open","ping_status":"closed","template":"page-templates\/template-services.php","meta":{"footnotes":""},"_links":{"self":[{"href":"https:\/\/at.thecb.biz\/index.php?rest_route=\/wp\/v2\/pages\/53"}],"collection":[{"href":"https:\/\/at.thecb.biz\/index.php?rest_route=\/wp\/v2\/pages"}],"about":[{"href":"https:\/\/at.thecb.biz\/index.php?rest_route=\/wp\/v2\/types\/page"}],"author":[{"embeddable":true,"href":"https:\/\/at.thecb.biz\/index.php?rest_route=\/wp\/v2\/users\/1"}],"replies":[{"embeddable":true,"href":"https:\/\/at.thecb.biz\/index.php?rest_route=%2Fwp%2Fv2%2Fcomments&post=53"}],"version-history":[{"count":12,"href":"https:\/\/at.thecb.biz\/index.php?rest_route=\/wp\/v2\/pages\/53\/revisions"}],"predecessor-version":[{"id":524,"href":"https:\/\/at.thecb.biz\/index.php?rest_route=\/wp\/v2\/pages\/53\/revisions\/524"}],"wp:featuredmedia":[{"embeddable":true,"href":"https:\/\/at.thecb.biz\/index.php?rest_route=\/wp\/v2\/media\/523"}],"wp:attachment":[{"href":"https:\/\/at.thecb.biz\/index.php?rest_route=%2Fwp%2Fv2%2Fmedia&parent=53"}],"curies":[{"name":"wp","href":"https:\/\/api.w.org\/{rel}","templated":true}]}}