{"id":51,"date":"2015-07-20T10:47:34","date_gmt":"2015-07-20T10:47:34","guid":{"rendered":"http:\/\/demo.themegrill.com\/himalayas\/?page_id=51"},"modified":"2023-02-21T16:14:51","modified_gmt":"2023-02-21T16:14:51","slug":"robust-features-2","status":"publish","type":"page","link":"https:\/\/at.thecb.biz\/?page_id=51","title":{"rendered":"Unsere Zuchtst\u00e4tte"},"content":{"rendered":"<p>Den Zwingernamen &#8222;Oesel`s&#8220; haben wir im Jahr 2008 sch\u00fctzen lassen, als unsere Pl\u00e4ne reiften, einen eigenen Wurf gro\u00dfzuziehen. Im gleichen Jahr wurde unsere Zuchtst\u00e4tte durch einen Zuchtwart des CDF (Club f\u00fcr Dalmatiner-Freunde e.V.) abgenommen. Gro\u00dfe Unterst\u00fctzung und Beratung erhielten wir in unseren Anf\u00e4ngen von unserem Freund und Olly\u00b4s Z\u00fcchter Heinz de Regt, der unter dem Zwingernamen &#8222;von der Falkenburg&#8220; \u00fcber 20 Jahre Dalmatiner z\u00fcchtete.<\/p>\n<p>Wir sind seither Mitglied im CDF und z\u00fcchten nach dessen Richtlinien sowie den Regeln des VDH\/FCI. Selbstverst\u00e4ndlich leben unsere Hunde mit uns im Haus. Eine Zwingerhaltung lehnen wir strikt ab und werden auch keinen Welpen zum Zwecke der Zwingerhaltung abgeben! Unsere Welpen verbringen die ersten ca. vier bis f\u00fcnf Wochen bei uns im Haus und werden rund um die Uhr mit viel Liebe und Zuwendung umsorgt. Automatisch lernen sie so alle Ger\u00e4usche und Abl\u00e4ufe des Alltags kennen (Staubsauger, Fernseher, Geklapper in der K\u00fcche, T\u00fcrklingel usw&#8230;)<\/p>\n<p>Anschlie\u00dfend ziehen sie in unser beheiztes Welpenhaus um. Durch eine Welpenklappe haben die Kleinen dann Zugang zum umz\u00e4unten Welpenauslauf in unserem Garten. Dort k\u00f6nnen sie nach Herzenslust herumtoben und die zahlreichen Spielem\u00f6glichkeiten, die wir ihnen geschaffen haben, nutzen. Hierzu z\u00e4hlen u.a. ein Spieltunnel, eine &#8222;R\u00e4uberh\u00f6hle&#8220;, ein Treckerreifen, eine Wackelwippe, Balanceboard usw&#8230;<\/p>\n<p>Nun beginnt auch die f\u00fcr die Welpen sehr wichtige Pr\u00e4gezeit. Wir sorgen daf\u00fcr, dass sie jetzt viel Besuch bekommen und m\u00f6glichst viele Personen verschiedenen Alters kennenlernen. Die Kinder unserer Freunde und aus der Nachbarschaft freuen sich schon sehr! Die vern\u00fcnftige Pr\u00e4gung der Welpen erachten wir als sehr sehr wichtig und daher nehmen wir uns hierf\u00fcr viel Zeit. Da wir unseren Jahresurlaub f\u00fcr unseren Wurf nehmen, kommen weder k\u00f6rperliche Zuwendung noch geistige Besch\u00e4ftigung bei uns zu kurz und wir hoffen den Kleinen so einen optimalen Start ins Leben zu bieten.<\/p>\n<p>Wenn die Welpen etwa acht bis neun Wochen alt sind, d\u00fcrfen sie in ihre neuen Familien umziehen. Selbstverst\u00e4ndlich sind sie zu diesem Zeitpunkt tier\u00e4rztlich untersucht, geimpft und mehrfach entwurmt. Auch war dann bereits der Zuchtwart des CDF bei uns und hat alle Welpen samt Muttertier nochmals begutachtet. Bei Abgabe sind sie au\u00dferdem gechippt, audiometrisch untersucht (Geh\u00f6rtest) und verf\u00fcgen \u00fcber einen Impfausweis. Die VDH\/CDF-Ahnentafel erhalten sie umgehend nach der Erstellung durch den Verein. Ebenfalls bekommen Sie eine Grundausstattung bestehend aus Halsband und Leine, Liegekissen, Spielzeug, Futter-Startpaket und Welpen-Mappe. Diese enth\u00e4lt viele n\u00fctzliche Informationen f\u00fcr die ersten Wochen mit dem Welpen sowie einen Futterplan und ein Impf- bzw. Entwurmungsschema.<\/p>\n<p>Ein guter Kontakt zu unseren Welpenk\u00e4ufern ist uns wichtig. Wir nehmen uns f\u00fcr Ihre Fragen und W\u00fcnsche Zeit und sind bem\u00fcht, diese offen und ehrlich zu beantworten bzw. zu besprechen. Im Gegenzug erwarten wir von unseren Welpeninteressenten ebenso offene und ehrliche Antworten auf unsere Fragen. Sollten wir bemerken, dass ein Interessent nicht ehrlich zu uns war, behalten wir uns das Recht vor, unser Verkaufsversprechen nochmals zu \u00fcberdenken und ggf. davon zur\u00fcckzutreten.<\/p>\n<p>Auch \u00fcber die Abgabeunserer Welpen hinaus stehen wir Ihnen mit Rat und Tat gerne zur Seite und w\u00fcrden uns freuen, die Entwicklung &#8222;unserer&#8220; Welpen ein Hundeleben lang verfolgen zu d\u00fcrfen.<\/p>\n<p>Haben Sie noch weitere Fragen?<br \/>\nWir freuen uns auf Ihren Anruf bzw. Besuch!<\/p>\n","protected":false},"excerpt":{"rendered":"<p>Den Zwingernamen &#8222;Oesel`s&#8220; haben wir im Jahr 2008 sch\u00fctzen lassen, als unsere Pl\u00e4ne reiften, einen eigenen Wurf gro\u00dfzuziehen. Im gleichen Jahr wurde unsere Zuchtst\u00e4tte durch<\/p>\n","protected":false},"author":1,"featured_media":54,"parent":0,"menu_order":0,"comment_status":"open","ping_status":"open","template":"page-templates\/template-services.php","meta":{"footnotes":""},"_links":{"self":[{"href":"https:\/\/at.thecb.biz\/index.php?rest_route=\/wp\/v2\/pages\/51"}],"collection":[{"href":"https:\/\/at.thecb.biz\/index.php?rest_route=\/wp\/v2\/pages"}],"about":[{"href":"https:\/\/at.thecb.biz\/index.php?rest_route=\/wp\/v2\/types\/page"}],"author":[{"embeddable":true,"href":"https:\/\/at.thecb.biz\/index.php?rest_route=\/wp\/v2\/users\/1"}],"replies":[{"embeddable":true,"href":"https:\/\/at.thecb.biz\/index.php?rest_route=%2Fwp%2Fv2%2Fcomments&post=51"}],"version-history":[{"count":1,"href":"https:\/\/at.thecb.biz\/index.php?rest_route=\/wp\/v2\/pages\/51\/revisions"}],"predecessor-version":[{"id":383,"href":"https:\/\/at.thecb.biz\/index.php?rest_route=\/wp\/v2\/pages\/51\/revisions\/383"}],"wp:featuredmedia":[{"embeddable":true,"href":"https:\/\/at.thecb.biz\/index.php?rest_route=\/"}],"wp:attachment":[{"href":"https:\/\/at.thecb.biz\/index.php?rest_route=%2Fwp%2Fv2%2Fmedia&parent=51"}],"curies":[{"name":"wp","href":"https:\/\/api.w.org\/{rel}","templated":true}]}}