{"id":301,"date":"2015-07-21T11:55:08","date_gmt":"2015-07-21T11:55:08","guid":{"rendered":"http:\/\/demo.themegrill.com\/himalayas\/?page_id=131"},"modified":"2023-11-05T00:46:16","modified_gmt":"2023-11-05T00:46:16","slug":"front-page","status":"publish","type":"page","link":"https:\/\/at.thecb.biz\/","title":{"rendered":"Oesel&#8217;s Dalmatiner"},"content":{"rendered":"\n<p><a href=\"https:\/\/at.thecb.biz\/wp-admin\/post.php?post=301&amp;action=edit#oesels-start\">#oesels-start<\/a><\/p>\n\n\n\n<!--more-->\n<!--noteaser-->\n\n\n\n<div class=\"wp-block-cover is-light\"><span aria-hidden=\"true\" class=\"wp-block-cover__background has-background-dim\"><\/span><img decoding=\"async\" loading=\"lazy\" width=\"1024\" height=\"768\" class=\"wp-block-cover__image-background wp-image-501\" alt=\"Lana\" src=\"https:\/\/at.thecb.biz\/wp-content\/uploads\/2023\/02\/Lana20.jpg\" data-object-fit=\"cover\" srcset=\"https:\/\/at.thecb.biz\/wp-content\/uploads\/2023\/02\/Lana20.jpg 1024w, https:\/\/at.thecb.biz\/wp-content\/uploads\/2023\/02\/Lana20-300x225.jpg 300w, https:\/\/at.thecb.biz\/wp-content\/uploads\/2023\/02\/Lana20-768x576.jpg 768w\" sizes=\"(max-width: 1024px) 100vw, 1024px\" \/><div class=\"wp-block-cover__inner-container is-layout-constrained wp-block-cover-is-layout-constrained\">\n<p class=\"has-text-align-center has-large-font-size\">hallo<\/p>\n<\/div><\/div>\n\n\n\n<p>Wir hei\u00dfen alle Besucher und Dalmatinerfreunde ganz herzlich auf unserer Website willkommen! Hier finden Sie eine Menge Informationen \u00fcber uns, unsere Hunde und unser gr\u00f6\u00dftes Hobby: Den Dalmatiner!<\/p>\n\n\n\n<p>Wir hei\u00dfen alle Besucher und Dalmatinerfreunde ganz herzlich auf unserer Website willkommen! Hier finden Sie eine Menge Informationen \u00fcber uns, unsere Hunde und unser gr\u00f6\u00dftes Hobby: Den Dalmatiner!<\/p>\n\n\n\n<p id=\"oesels-start\">Wir hei\u00dfen alle Besucher und Dalmatinerfreunde ganz herzlich auf unserer Website willkommen! Hier finden Sie eine Menge Informationen \u00fcber uns, unsere Hunde und unser gr\u00f6\u00dftes Hobby: Den Dalmatiner!<\/p>\n\n\n\n<p>Neulingen und Dalmatinerinteressierten m\u00f6chten wir gerne einige interessante Informationen zu unserer Lieblingsrasse zur Verf\u00fcgung stellen. In unserer Galerie finden sich nicht nur Fotos von unseren Hunden, sondern auch von den zahlreichen Wanderungen, Ausstellungen und anderen Aktivit\u00e4ten, die wir gemeinsam mit unseren getupften Mitbewohnern unternehmen. Hier lohnt es sich also immer mal wieder hineinzuschauen. In der Rubrik News werden wir Sie mit den neuesten Geschehnissen und Terminen auf dem Laufenden halten.<\/p>\n","protected":false},"excerpt":{"rendered":"<p>Zuchtst\u00e4tte im Club f\u00fcr Dalmatiner-Freunde e.V. (CDF)<\/p>\n","protected":false},"author":1,"featured_media":435,"parent":0,"menu_order":0,"comment_status":"closed","ping_status":"open","template":"","meta":{"footnotes":""},"_links":{"self":[{"href":"https:\/\/at.thecb.biz\/index.php?rest_route=\/wp\/v2\/pages\/301"}],"collection":[{"href":"https:\/\/at.thecb.biz\/index.php?rest_route=\/wp\/v2\/pages"}],"about":[{"href":"https:\/\/at.thecb.biz\/index.php?rest_route=\/wp\/v2\/types\/page"}],"author":[{"embeddable":true,"href":"https:\/\/at.thecb.biz\/index.php?rest_route=\/wp\/v2\/users\/1"}],"replies":[{"embeddable":true,"href":"https:\/\/at.thecb.biz\/index.php?rest_route=%2Fwp%2Fv2%2Fcomments&post=301"}],"version-history":[{"count":18,"href":"https:\/\/at.thecb.biz\/index.php?rest_route=\/wp\/v2\/pages\/301\/revisions"}],"predecessor-version":[{"id":532,"href":"https:\/\/at.thecb.biz\/index.php?rest_route=\/wp\/v2\/pages\/301\/revisions\/532"}],"wp:featuredmedia":[{"embeddable":true,"href":"https:\/\/at.thecb.biz\/index.php?rest_route=\/wp\/v2\/media\/435"}],"wp:attachment":[{"href":"https:\/\/at.thecb.biz\/index.php?rest_route=%2Fwp%2Fv2%2Fmedia&parent=301"}],"curies":[{"name":"wp","href":"https:\/\/api.w.org\/{rel}","templated":true}]}}