{"id":27,"date":"2015-07-20T09:19:41","date_gmt":"2015-07-20T09:19:41","guid":{"rendered":"http:\/\/demo.themegrill.com\/himalayas\/?page_id=27"},"modified":"2023-02-21T18:33:13","modified_gmt":"2023-02-21T18:33:13","slug":"excellent-support","status":"publish","type":"page","link":"https:\/\/at.thecb.biz\/?page_id=27","title":{"rendered":"Was wir uns w\u00fcnschen\u2026"},"content":{"rendered":"<p>Bevor Sie sich endg\u00fcltig dazu entscheiden einen Dalmatinerwelpen bei sich aufzunehmen, w\u00fcnschen wir uns von Ihnen, dass Sie sich genau \u00fcber die Rasse und deren Eigenschaften informiert haben. \u00dcberlegen Sie sich gut, ob Sie einem Dalmatiner gerecht werden k\u00f6nnen. Bitte bedenken Sie, dass dieser niedliche Welpe ein Lebewesen mit Gef\u00fchlen, Bed\u00fcrfnissen und Verstand ist, das Sie hoffentlich die n\u00e4chsten 10-15 Jahre begleiten wird. Daher sollten keine voreiligen Entscheidungen getroffen werden. Wir suchen unsere Welpenk\u00e4ufer sehr sorgf\u00e4ltig aus, da unsere Welpen uns als Teil unserer Familie sehr am Herzen liegen. Schlie\u00dflich sind wir keine Hundevermehrer, sondern eine kleine Zuchtst\u00e4tte mit Herz und Verstand.<\/p>\n<p>Deshalb w\u00fcnschen wir uns liebevolle Welpenk\u00e4ufer, die einen Dalmatiner mit seinen rassespezifischen Eigenschaften und F\u00e4higkeiten sch\u00e4tzen und ihm einen sicheren Platz bei sich bieten. Es muss gen\u00fcgend Zeit f\u00fcr die Bed\u00fcrfnisse des Dalmatiners vorhanden sein und die Bereitschaft, eine solide Grundausbildung mit dem neuen Familienmitglied zu absoliveren. Der Besuch einer Hundeschule ist zwar kein Muss, aber durchaus sinnvoll. Ein gewisses Ma\u00df an Konsequenz und Kontinuit\u00e4t muss bei der Erziehung vorhanden sein.<\/p>\n<p>Dalmatinerwelpen k\u00f6nnen durchaus sehr &#8222;kreativ&#8220; sein: Schuhe, M\u00f6bel oder die Tapete anknabbern, sich schmutzig machen, vom Tisch klauen usw&#8230; Die ersten zwei gemeinsamen Lebensjahre k\u00f6nnen also durchaus etwas anstrengend werden. Irgendwann erreicht Ihr Dalmatiner, je nach Geschlecht, ein Gewicht von 25 bis 35 kg oder gar mehr und fordert sein ganzes Hundeleben lang liebevolle Zuneigung, Pflege und eine sinnvolle Besch\u00e4ftigung von Ihnen. Dieser Verantwortung sollten Sie sich vor der Zusage zum Kauf eines Welpen bewusst sein.<\/p>\n","protected":false},"excerpt":{"rendered":"<p>Bevor Sie sich endg\u00fcltig dazu entscheiden einen Dalmatinerwelpen bei sich aufzunehmen, w\u00fcnschen wir uns von Ihnen, dass Sie sich genau \u00fcber die Rasse und deren<\/p>\n","protected":false},"author":1,"featured_media":59,"parent":0,"menu_order":0,"comment_status":"open","ping_status":"open","template":"page-templates\/template-services.php","meta":{"footnotes":""},"_links":{"self":[{"href":"https:\/\/at.thecb.biz\/index.php?rest_route=\/wp\/v2\/pages\/27"}],"collection":[{"href":"https:\/\/at.thecb.biz\/index.php?rest_route=\/wp\/v2\/pages"}],"about":[{"href":"https:\/\/at.thecb.biz\/index.php?rest_route=\/wp\/v2\/types\/page"}],"author":[{"embeddable":true,"href":"https:\/\/at.thecb.biz\/index.php?rest_route=\/wp\/v2\/users\/1"}],"replies":[{"embeddable":true,"href":"https:\/\/at.thecb.biz\/index.php?rest_route=%2Fwp%2Fv2%2Fcomments&post=27"}],"version-history":[{"count":1,"href":"https:\/\/at.thecb.biz\/index.php?rest_route=\/wp\/v2\/pages\/27\/revisions"}],"predecessor-version":[{"id":392,"href":"https:\/\/at.thecb.biz\/index.php?rest_route=\/wp\/v2\/pages\/27\/revisions\/392"}],"wp:featuredmedia":[{"embeddable":true,"href":"https:\/\/at.thecb.biz\/index.php?rest_route=\/"}],"wp:attachment":[{"href":"https:\/\/at.thecb.biz\/index.php?rest_route=%2Fwp%2Fv2%2Fmedia&parent=27"}],"curies":[{"name":"wp","href":"https:\/\/api.w.org\/{rel}","templated":true}]}}